{"id":2,"date":"2025-03-24T09:20:36","date_gmt":"2025-03-24T09:20:36","guid":{"rendered":"https:\/\/disdaex.es\/?page_id=2"},"modified":"2025-10-22T10:13:50","modified_gmt":"2025-10-22T10:13:50","slug":"sample-page","status":"publish","type":"page","link":"https:\/\/disdaex.es\/","title":{"rendered":""},"content":{"rendered":"\t\t<div data-elementor-type=\"wp-page\" data-elementor-id=\"2\" class=\"elementor elementor-2\">\n\t\t\t\t<div class=\"elementor-element elementor-element-11288af2 e-flex e-con-boxed e-con e-parent\" data-id=\"11288af2\" data-element_type=\"container\">\n\t\t\t\t\t<div class=\"e-con-inner\">\n\t\t\t\t<div class=\"elementor-element elementor-element-abfd1dd elementor-widget elementor-widget-image\" data-id=\"abfd1dd\" data-element_type=\"widget\" data-widget_type=\"image.default\">\n\t\t\t\t<div class=\"elementor-widget-container\">\n\t\t\t\t\t\t\t\t\t\t\t\t\t\t\t<img fetchpriority=\"high\" decoding=\"async\" width=\"2110\" height=\"1052\" src=\"https:\/\/disdaex.es\/wp-content\/uploads\/2025\/04\/Captura-de-pantalla-2025-04-14-a-las-12.32.32.png\" class=\"attachment-full size-full wp-image-27\" alt=\"\" srcset=\"https:\/\/disdaex.es\/wp-content\/uploads\/2025\/04\/Captura-de-pantalla-2025-04-14-a-las-12.32.32.png 2110w, https:\/\/disdaex.es\/wp-content\/uploads\/2025\/04\/Captura-de-pantalla-2025-04-14-a-las-12.32.32-300x150.png 300w, https:\/\/disdaex.es\/wp-content\/uploads\/2025\/04\/Captura-de-pantalla-2025-04-14-a-las-12.32.32-1024x511.png 1024w, https:\/\/disdaex.es\/wp-content\/uploads\/2025\/04\/Captura-de-pantalla-2025-04-14-a-las-12.32.32-768x383.png 768w, https:\/\/disdaex.es\/wp-content\/uploads\/2025\/04\/Captura-de-pantalla-2025-04-14-a-las-12.32.32-1536x766.png 1536w, https:\/\/disdaex.es\/wp-content\/uploads\/2025\/04\/Captura-de-pantalla-2025-04-14-a-las-12.32.32-2048x1021.png 2048w\" sizes=\"(max-width: 2110px) 100vw, 2110px\" \/>\t\t\t\t\t\t\t\t\t\t\t\t\t\t\t<\/div>\n\t\t\t\t<\/div>\n\t\t\t\t<div class=\"elementor-element elementor-element-b2a4b3b elementor-widget elementor-widget-spacer\" data-id=\"b2a4b3b\" data-element_type=\"widget\" data-widget_type=\"spacer.default\">\n\t\t\t\t<div class=\"elementor-widget-container\">\n\t\t\t\t\t\t\t<div class=\"elementor-spacer\">\n\t\t\t<div class=\"elementor-spacer-inner\"><\/div>\n\t\t<\/div>\n\t\t\t\t\t\t<\/div>\n\t\t\t\t<\/div>\n\t\t\t\t<div class=\"elementor-element elementor-element-386eebc6 elementor-widget elementor-widget-text-editor\" data-id=\"386eebc6\" data-element_type=\"widget\" data-widget_type=\"text-editor.default\">\n\t\t\t\t<div class=\"elementor-widget-container\">\n\t\t\t\t\t\t\t\t\t\n<h5><strong>En Discovery Data Experts, S.L., transformamos la tecnolog\u00eda en soluciones estrat\u00e9gicas para tu negocio. Ofrecemos servicios especializados en IT, ciberseguridad, outsourcing y desarrollos modulares como low-code y RPA.<\/strong><\/h5>\n<h5><strong>Optimizamos procesos, protegemos tu informaci\u00f3n y potenciamos tu crecimiento con tecnolog\u00eda de vanguardia.<\/strong><\/h5>\n<h5><strong>\u00a1Descubre el futuro digital con nosotros!<\/strong><\/h5>\n\t\t\t\t\t\t\t\t<\/div>\n\t\t\t\t<\/div>\n\t\t\t\t<div class=\"elementor-element elementor-element-562f3ba elementor-widget elementor-widget-spacer\" data-id=\"562f3ba\" data-element_type=\"widget\" data-widget_type=\"spacer.default\">\n\t\t\t\t<div class=\"elementor-widget-container\">\n\t\t\t\t\t\t\t<div class=\"elementor-spacer\">\n\t\t\t<div class=\"elementor-spacer-inner\"><\/div>\n\t\t<\/div>\n\t\t\t\t\t\t<\/div>\n\t\t\t\t<\/div>\n\t\t\t\t<div class=\"elementor-element elementor-element-eef10c8 elementor-widget elementor-widget-image\" data-id=\"eef10c8\" data-element_type=\"widget\" data-widget_type=\"image.default\">\n\t\t\t\t<div class=\"elementor-widget-container\">\n\t\t\t\t\t\t\t\t\t\t\t\t\t\t\t<img decoding=\"async\" width=\"2224\" height=\"500\" src=\"https:\/\/disdaex.es\/wp-content\/uploads\/2025\/04\/Captura-de-pantalla-2025-04-14-a-las-12.37.55.png\" class=\"attachment-full size-full wp-image-29\" alt=\"\" srcset=\"https:\/\/disdaex.es\/wp-content\/uploads\/2025\/04\/Captura-de-pantalla-2025-04-14-a-las-12.37.55.png 2224w, https:\/\/disdaex.es\/wp-content\/uploads\/2025\/04\/Captura-de-pantalla-2025-04-14-a-las-12.37.55-300x67.png 300w, https:\/\/disdaex.es\/wp-content\/uploads\/2025\/04\/Captura-de-pantalla-2025-04-14-a-las-12.37.55-1024x230.png 1024w, https:\/\/disdaex.es\/wp-content\/uploads\/2025\/04\/Captura-de-pantalla-2025-04-14-a-las-12.37.55-768x173.png 768w, https:\/\/disdaex.es\/wp-content\/uploads\/2025\/04\/Captura-de-pantalla-2025-04-14-a-las-12.37.55-1536x345.png 1536w, https:\/\/disdaex.es\/wp-content\/uploads\/2025\/04\/Captura-de-pantalla-2025-04-14-a-las-12.37.55-2048x460.png 2048w\" sizes=\"(max-width: 2224px) 100vw, 2224px\" \/>\t\t\t\t\t\t\t\t\t\t\t\t\t\t\t<\/div>\n\t\t\t\t<\/div>\n\t\t\t\t<div class=\"elementor-element elementor-element-ce9292d elementor-widget elementor-widget-spacer\" data-id=\"ce9292d\" data-element_type=\"widget\" data-widget_type=\"spacer.default\">\n\t\t\t\t<div class=\"elementor-widget-container\">\n\t\t\t\t\t\t\t<div class=\"elementor-spacer\">\n\t\t\t<div class=\"elementor-spacer-inner\"><\/div>\n\t\t<\/div>\n\t\t\t\t\t\t<\/div>\n\t\t\t\t<\/div>\n\t\t<div class=\"elementor-element elementor-element-d76ef86 e-grid e-con-full e-con e-child\" data-id=\"d76ef86\" data-element_type=\"container\" id=\"robotizacion\" data-settings=\"{&quot;background_background&quot;:&quot;classic&quot;}\">\n\t\t\t\t<div class=\"elementor-element elementor-element-67323ac elementor-widget elementor-widget-image\" data-id=\"67323ac\" data-element_type=\"widget\" data-widget_type=\"image.default\">\n\t\t\t\t<div class=\"elementor-widget-container\">\n\t\t\t\t\t\t\t\t\t\t\t\t\t\t\t<img decoding=\"async\" width=\"1024\" height=\"1024\" src=\"https:\/\/disdaex.es\/wp-content\/uploads\/2025\/03\/1.png\" class=\"attachment-full size-full wp-image-11\" alt=\"\" srcset=\"https:\/\/disdaex.es\/wp-content\/uploads\/2025\/03\/1.png 1024w, https:\/\/disdaex.es\/wp-content\/uploads\/2025\/03\/1-300x300.png 300w, https:\/\/disdaex.es\/wp-content\/uploads\/2025\/03\/1-150x150.png 150w, https:\/\/disdaex.es\/wp-content\/uploads\/2025\/03\/1-768x768.png 768w\" sizes=\"(max-width: 1024px) 100vw, 1024px\" \/>\t\t\t\t\t\t\t\t\t\t\t\t\t\t\t<\/div>\n\t\t\t\t<\/div>\n\t\t\t\t<div class=\"elementor-element elementor-element-383499d elementor-widget elementor-widget-text-editor\" data-id=\"383499d\" data-element_type=\"widget\" data-widget_type=\"text-editor.default\">\n\t\t\t\t<div class=\"elementor-widget-container\">\n\t\t\t\t\t\t\t\t\t<p>\u00a0<\/p>\n<p>\u00a0<\/p>\n<p>\u00a0<\/p>\n<p>\u00a0<\/p>\n<p>\u00a0<\/p>\n<p>Automatiza tareas repetitivas y optimiza la eficiencia con nuestras soluciones de RPA (Automatizaci\u00f3n Rob\u00f3tica de Procesos).<\/p>\n<p>En Discovery Data Experts, implementamos robots de software que agilizan procesos, reducen errores y mejoran la productividad, permitiendo que tu equipo se enfoque en tareas de mayor valor.<\/p>\n<p>\u00a1Da el salto a la automatizaci\u00f3n inteligente con nosotros!<\/p>\t\t\t\t\t\t\t\t<\/div>\n\t\t\t\t<\/div>\n\t\t\t\t<\/div>\n\t\t<div class=\"elementor-element elementor-element-ace2482 e-grid e-con-full e-con e-child\" data-id=\"ace2482\" data-element_type=\"container\" id=\"desarrollos\">\n\t\t\t\t<div class=\"elementor-element elementor-element-4c7ca1a elementor-widget elementor-widget-text-editor\" data-id=\"4c7ca1a\" data-element_type=\"widget\" data-widget_type=\"text-editor.default\">\n\t\t\t\t<div class=\"elementor-widget-container\">\n\t\t\t\t\t\t\t\t\t<p>\u00a0<\/p>\n<p>\u00a0<\/p>\n<p>\u00a0<\/p>\n<p>\u00a0<\/p>\n<p class=\"\" data-start=\"93\" data-end=\"273\">Optimiza la gesti\u00f3n de tu empresa con nuestra plataforma integral. Simplifica tu d\u00eda a d\u00eda y ded\u00edcate a lo que realmente importa: tus clientes. Con nuestra soluci\u00f3n, podr\u00e1s:<\/p>\n<p class=\"\" data-start=\"275\" data-end=\"644\">\u2714 Controlar existencias y stock para una gesti\u00f3n fiable y eficiente.<br data-start=\"347\" data-end=\"350\" \/>\u2714 Gestionar cobros, pagos y cuentas para centralizar tu econom\u00eda.<br data-start=\"419\" data-end=\"422\" data-is-only-node=\"\" \/>\u2714 Almacenar expedientes y datos de empleados de forma segura.<br data-start=\"487\" data-end=\"490\" \/>\u2714 Organizar flujos de informaci\u00f3n internos para mejorar la productividad.<br data-start=\"567\" data-end=\"570\" \/>\u2714 Integrar documentos y procesos de negocio de manera \u00e1gil y eficaz.<\/p>\n<p class=\"\" data-start=\"646\" data-end=\"762\">Transforma la manera en que diriges tu negocio con una soluci\u00f3n dise\u00f1ada para el crecimiento de las pymes.<\/p>\t\t\t\t\t\t\t\t<\/div>\n\t\t\t\t<\/div>\n\t\t\t\t<div class=\"elementor-element elementor-element-316e163 elementor-widget elementor-widget-image\" data-id=\"316e163\" data-element_type=\"widget\" data-widget_type=\"image.default\">\n\t\t\t\t<div class=\"elementor-widget-container\">\n\t\t\t\t\t\t\t\t\t\t\t\t\t\t\t<img loading=\"lazy\" decoding=\"async\" width=\"1024\" height=\"1024\" src=\"https:\/\/disdaex.es\/wp-content\/uploads\/2025\/03\/2.png\" class=\"attachment-full size-full wp-image-12\" alt=\"\" srcset=\"https:\/\/disdaex.es\/wp-content\/uploads\/2025\/03\/2.png 1024w, https:\/\/disdaex.es\/wp-content\/uploads\/2025\/03\/2-300x300.png 300w, https:\/\/disdaex.es\/wp-content\/uploads\/2025\/03\/2-150x150.png 150w, https:\/\/disdaex.es\/wp-content\/uploads\/2025\/03\/2-768x768.png 768w\" sizes=\"(max-width: 1024px) 100vw, 1024px\" \/>\t\t\t\t\t\t\t\t\t\t\t\t\t\t\t<\/div>\n\t\t\t\t<\/div>\n\t\t\t\t<\/div>\n\t\t<div class=\"elementor-element elementor-element-43267cb e-grid e-con-full e-con e-child\" data-id=\"43267cb\" data-element_type=\"container\" id=\"servicios\">\n\t\t\t\t<div class=\"elementor-element elementor-element-3f1fd7f elementor-widget elementor-widget-image\" data-id=\"3f1fd7f\" data-element_type=\"widget\" id=\"servicios\" data-widget_type=\"image.default\">\n\t\t\t\t<div class=\"elementor-widget-container\">\n\t\t\t\t\t\t\t\t\t\t\t\t\t\t\t<img loading=\"lazy\" decoding=\"async\" width=\"1024\" height=\"1024\" src=\"https:\/\/disdaex.es\/wp-content\/uploads\/2025\/03\/3.png\" class=\"attachment-full size-full wp-image-13\" alt=\"\" srcset=\"https:\/\/disdaex.es\/wp-content\/uploads\/2025\/03\/3.png 1024w, https:\/\/disdaex.es\/wp-content\/uploads\/2025\/03\/3-300x300.png 300w, https:\/\/disdaex.es\/wp-content\/uploads\/2025\/03\/3-150x150.png 150w, https:\/\/disdaex.es\/wp-content\/uploads\/2025\/03\/3-768x768.png 768w\" sizes=\"(max-width: 1024px) 100vw, 1024px\" \/>\t\t\t\t\t\t\t\t\t\t\t\t\t\t\t<\/div>\n\t\t\t\t<\/div>\n\t\t\t\t<div class=\"elementor-element elementor-element-85b0ab4 elementor-widget elementor-widget-text-editor\" data-id=\"85b0ab4\" data-element_type=\"widget\" data-widget_type=\"text-editor.default\">\n\t\t\t\t<div class=\"elementor-widget-container\">\n\t\t\t\t\t\t\t\t\t<p>\u00a0<\/p>\n<p>\u00a0<\/p>\n<p>\u00a0<\/p>\n<p class=\"\" data-start=\"59\" data-end=\"191\">Asegura la continuidad y eficiencia de tu empresa con nuestras soluciones en la nube.<\/p>\n<p class=\"\" data-start=\"59\" data-end=\"191\">En Discovery Data Experts te ofrecemos:<\/p>\n<p><strong>Servidores en la nube<\/strong> escalables y seguros para optimizar tu infraestructura.<\/p>\n<p><strong>Backups en la nube<\/strong> automatizados para proteger tu informaci\u00f3n ante cualquier imprevisto.<\/p>\n<p><strong>Almacenamiento<\/strong> y gesti\u00f3n documental accesible desde cualquier lugar.<br data-start=\"452\" data-end=\"455\" \/>Entornos cloud personalizados, adaptados a las necesidades de tu negocio.<\/p>\n<p class=\"\" data-start=\"539\" data-end=\"659\">Reduce costos, aumenta la seguridad y mejora la disponibilidad de tus datos con nuestra tecnolog\u00eda en la nube.<\/p>\t\t\t\t\t\t\t\t<\/div>\n\t\t\t\t<\/div>\n\t\t\t\t<\/div>\n\t\t<div class=\"elementor-element elementor-element-ba295cd e-grid e-con-full e-con e-child\" data-id=\"ba295cd\" data-element_type=\"container\" id=\"outsourcing\">\n\t\t\t\t<div class=\"elementor-element elementor-element-1afe412 elementor-widget elementor-widget-text-editor\" data-id=\"1afe412\" data-element_type=\"widget\" data-widget_type=\"text-editor.default\">\n\t\t\t\t<div class=\"elementor-widget-container\">\n\t\t\t\t\t\t\t\t\t<p>\u00a0<\/p>\n<p>\u00a0<\/p>\n<p class=\"\" data-start=\"71\" data-end=\"411\">Optimiza la productividad de tu empresa con nuestros servicios de Outsourcing. En Discovery Data Experts, te ayudamos a reducir costos, mejorar la eficiencia y acceder a tecnolog\u00eda de vanguardia sin necesidad de grandes inversiones. Delegando tareas estrat\u00e9gicas a nuestros expertos, podr\u00e1s enfocarte en el crecimiento de tu negocio.<\/p>\n<p class=\"\" data-start=\"413\" data-end=\"816\"><strong>Beneficios del Outsourcing:<\/strong><br data-start=\"446\" data-end=\"449\" \/>\u2714 Ahorro en costos operativos, tecnol\u00f3gicos y de personal.<br data-start=\"511\" data-end=\"514\" \/>\u2714 Mayor flexibilidad y capacidad de adaptaci\u00f3n a los cambios del mercado.<br data-start=\"591\" data-end=\"594\" \/>\u2714 Acceso a talento especializado sin necesidad de reclutamiento.<br data-start=\"662\" data-end=\"665\" \/>\u2714 Optimizaci\u00f3n de procesos y mejora en la calidad del servicio.<br data-start=\"732\" data-end=\"735\" \/>\u2714 Implementaci\u00f3n de tecnolog\u00eda avanzada sin necesidad de formaci\u00f3n interna.<\/p>\n<p class=\"\" data-start=\"818\" data-end=\"965\">Impulsa la transformaci\u00f3n digital de tu empresa con una estrategia de Outsourcing eficiente y escalable.<\/p>\n<p class=\"\" data-start=\"818\" data-end=\"965\">\u00a1Descubre c\u00f3mo podemos ayudarte!<\/p>\t\t\t\t\t\t\t\t<\/div>\n\t\t\t\t<\/div>\n\t\t\t\t<div class=\"elementor-element elementor-element-3000b8b elementor-widget elementor-widget-image\" data-id=\"3000b8b\" data-element_type=\"widget\" data-widget_type=\"image.default\">\n\t\t\t\t<div class=\"elementor-widget-container\">\n\t\t\t\t\t\t\t\t\t\t\t\t\t\t\t<img loading=\"lazy\" decoding=\"async\" width=\"1024\" height=\"1024\" src=\"https:\/\/disdaex.es\/wp-content\/uploads\/2025\/03\/4.png\" class=\"attachment-full size-full wp-image-14\" alt=\"\" srcset=\"https:\/\/disdaex.es\/wp-content\/uploads\/2025\/03\/4.png 1024w, https:\/\/disdaex.es\/wp-content\/uploads\/2025\/03\/4-300x300.png 300w, https:\/\/disdaex.es\/wp-content\/uploads\/2025\/03\/4-150x150.png 150w, https:\/\/disdaex.es\/wp-content\/uploads\/2025\/03\/4-768x768.png 768w\" sizes=\"(max-width: 1024px) 100vw, 1024px\" \/>\t\t\t\t\t\t\t\t\t\t\t\t\t\t\t<\/div>\n\t\t\t\t<\/div>\n\t\t\t\t<div class=\"elementor-element elementor-element-c021e9a elementor-widget elementor-widget-spacer\" data-id=\"c021e9a\" data-element_type=\"widget\" data-widget_type=\"spacer.default\">\n\t\t\t\t<div class=\"elementor-widget-container\">\n\t\t\t\t\t\t\t<div class=\"elementor-spacer\">\n\t\t\t<div class=\"elementor-spacer-inner\"><\/div>\n\t\t<\/div>\n\t\t\t\t\t\t<\/div>\n\t\t\t\t<\/div>\n\t\t\t\t<\/div>\n\t\t\t\t<div class=\"elementor-element elementor-element-74395ea elementor-widget elementor-widget-image\" data-id=\"74395ea\" data-element_type=\"widget\" data-widget_type=\"image.default\">\n\t\t\t\t<div class=\"elementor-widget-container\">\n\t\t\t\t\t\t\t\t\t\t\t\t\t\t\t<img loading=\"lazy\" decoding=\"async\" width=\"2228\" height=\"452\" src=\"https:\/\/disdaex.es\/wp-content\/uploads\/2025\/04\/Captura-de-pantalla-2025-04-14-a-las-12.47.04.png\" class=\"attachment-full size-full wp-image-34\" alt=\"\" srcset=\"https:\/\/disdaex.es\/wp-content\/uploads\/2025\/04\/Captura-de-pantalla-2025-04-14-a-las-12.47.04.png 2228w, https:\/\/disdaex.es\/wp-content\/uploads\/2025\/04\/Captura-de-pantalla-2025-04-14-a-las-12.47.04-300x61.png 300w, https:\/\/disdaex.es\/wp-content\/uploads\/2025\/04\/Captura-de-pantalla-2025-04-14-a-las-12.47.04-1024x208.png 1024w, https:\/\/disdaex.es\/wp-content\/uploads\/2025\/04\/Captura-de-pantalla-2025-04-14-a-las-12.47.04-768x156.png 768w, https:\/\/disdaex.es\/wp-content\/uploads\/2025\/04\/Captura-de-pantalla-2025-04-14-a-las-12.47.04-1536x312.png 1536w, https:\/\/disdaex.es\/wp-content\/uploads\/2025\/04\/Captura-de-pantalla-2025-04-14-a-las-12.47.04-2048x415.png 2048w\" sizes=\"(max-width: 2228px) 100vw, 2228px\" \/>\t\t\t\t\t\t\t\t\t\t\t\t\t\t\t<\/div>\n\t\t\t\t<\/div>\n\t\t\t\t<div class=\"elementor-element elementor-element-ad25411 elementor-widget elementor-widget-text-editor\" data-id=\"ad25411\" data-element_type=\"widget\" id=\"CONTACTO\" data-widget_type=\"text-editor.default\">\n\t\t\t\t<div class=\"elementor-widget-container\">\n\t\t\t\t\t\t\t\t\t<p>\u00bfListo para llevar tu empresa al siguiente nivel?<\/p>\n<p>En <strong>Discovery Data Experts<\/strong> estamos aqu\u00ed para ayudarte.<\/p>\n<p><strong>Cont\u00e1ctanos<\/strong> y descubre c\u00f3mo nuestras soluciones tecnol\u00f3gicas pueden impulsar tu negocio.<\/p>\n<p><strong><a href=\"mailto:info@disdaex.es\">info@disdaex.es<\/a><\/strong><\/p>\t\t\t\t\t\t\t\t<\/div>\n\t\t\t\t<\/div>\n\t\t\t\t<div class=\"elementor-element elementor-element-43152bf elementor-widget elementor-widget-spacer\" data-id=\"43152bf\" data-element_type=\"widget\" data-widget_type=\"spacer.default\">\n\t\t\t\t<div class=\"elementor-widget-container\">\n\t\t\t\t\t\t\t<div class=\"elementor-spacer\">\n\t\t\t<div class=\"elementor-spacer-inner\"><\/div>\n\t\t<\/div>\n\t\t\t\t\t\t<\/div>\n\t\t\t\t<\/div>\n\t\t\t\t\t<\/div>\n\t\t\t\t<\/div>\n\t\t<div class=\"elementor-element elementor-element-d6caae7 e-flex e-con-boxed e-con e-parent\" data-id=\"d6caae7\" data-element_type=\"container\">\n\t\t\t\t\t<div class=\"e-con-inner\">\n\t\t\t\t<div class=\"elementor-element elementor-element-8273f53 elementor-widget elementor-widget-image\" data-id=\"8273f53\" data-element_type=\"widget\" data-widget_type=\"image.default\">\n\t\t\t\t<div class=\"elementor-widget-container\">\n\t\t\t\t\t\t\t\t\t\t\t\t\t\t\t<img loading=\"lazy\" decoding=\"async\" width=\"800\" height=\"93\" src=\"https:\/\/disdaex.es\/wp-content\/uploads\/2025\/04\/Logo-digitalizadores-1024x119.png\" class=\"attachment-large size-large wp-image-26\" alt=\"\" srcset=\"https:\/\/disdaex.es\/wp-content\/uploads\/2025\/04\/Logo-digitalizadores-1024x119.png 1024w, https:\/\/disdaex.es\/wp-content\/uploads\/2025\/04\/Logo-digitalizadores-300x35.png 300w, https:\/\/disdaex.es\/wp-content\/uploads\/2025\/04\/Logo-digitalizadores-768x89.png 768w, https:\/\/disdaex.es\/wp-content\/uploads\/2025\/04\/Logo-digitalizadores.png 1200w\" sizes=\"(max-width: 800px) 100vw, 800px\" \/>\t\t\t\t\t\t\t\t\t\t\t\t\t\t\t<\/div>\n\t\t\t\t<\/div>\n\t\t\t\t\t<\/div>\n\t\t\t\t<\/div>\n\t\t\t\t<\/div>\n\t\t","protected":false},"excerpt":{"rendered":"<p>En Discovery Data Experts, S.L., transformamos la tecnolog\u00eda en soluciones estrat\u00e9gicas para tu negocio. Ofrecemos servicios especializados en IT, ciberseguridad, outsourcing y desarrollos modulares como low-code y RPA. Optimizamos procesos, protegemos tu informaci\u00f3n y potenciamos tu crecimiento con tecnolog\u00eda de vanguardia. \u00a1Descubre el futuro digital con nosotros! \u00a0 \u00a0 \u00a0 \u00a0 \u00a0 Automatiza tareas repetitivas [&hellip;]<\/p>\n","protected":false},"author":1,"featured_media":0,"parent":0,"menu_order":0,"comment_status":"closed","ping_status":"closed","template":"","meta":{"footnotes":""},"class_list":["post-2","page","type-page","status-publish","hentry"],"_links":{"self":[{"href":"https:\/\/disdaex.es\/index.php\/wp-json\/wp\/v2\/pages\/2","targetHints":{"allow":["GET"]}}],"collection":[{"href":"https:\/\/disdaex.es\/index.php\/wp-json\/wp\/v2\/pages"}],"about":[{"href":"https:\/\/disdaex.es\/index.php\/wp-json\/wp\/v2\/types\/page"}],"author":[{"embeddable":true,"href":"https:\/\/disdaex.es\/index.php\/wp-json\/wp\/v2\/users\/1"}],"replies":[{"embeddable":true,"href":"https:\/\/disdaex.es\/index.php\/wp-json\/wp\/v2\/comments?post=2"}],"version-history":[{"count":42,"href":"https:\/\/disdaex.es\/index.php\/wp-json\/wp\/v2\/pages\/2\/revisions"}],"predecessor-version":[{"id":97,"href":"https:\/\/disdaex.es\/index.php\/wp-json\/wp\/v2\/pages\/2\/revisions\/97"}],"wp:attachment":[{"href":"https:\/\/disdaex.es\/index.php\/wp-json\/wp\/v2\/media?parent=2"}],"curies":[{"name":"wp","href":"https:\/\/api.w.org\/{rel}","templated":true}]}}